{"id":3,"date":"2021-01-29T10:25:51","date_gmt":"2021-01-29T10:25:51","guid":{"rendered":"http:\/\/restauranteplazacanalla.es\/?page_id=3"},"modified":"2023-03-13T14:21:10","modified_gmt":"2023-03-13T14:21:10","slug":"politica-de-privacidad","status":"publish","type":"page","link":"https:\/\/restauranteplazacanalla.es\/fr\/politica-de-privacidad\/","title":{"rendered":"Pol\u00edtica de Privacidad"},"content":{"rendered":"<p><strong>PLAZA CANALLA, S.L.<\/strong>, se compromete a proteger su privacidad. Esta Pol\u00edtica de Privacidad explica c\u00f3mo recopilamos y utilizamos sus datos personales y qu\u00e9 derechos y opciones tiene al respecto. Consulte tambi\u00e9n nuestra Pol\u00edtica de cookies que explica el uso de cookies y otros dispositivos de seguimiento de la web a trav\u00e9s de nuestro sitio web.<\/p>\n\n\n\n<p><strong><u>\u00bfQui\u00e9n es el responsable del tratamiento de sus datos personales?<\/u><\/strong><\/p>\n\n\n\n<p><strong>PLAZA CANALLA, S.L.<\/strong><strong> <\/strong>con N.I.F.<strong> B-42512236<\/strong>,domicilio social en <strong>PLAZA GABRIEL MIR\u00d3 N\u00ba 10, C.P- 03001- ALICANTE <\/strong>con n\u00famero de tel\u00e9fono<strong> 965-20.21.28 <\/strong>y <strong>e-mail: administracion@restauranteplazacanalla.es <\/strong>es el <strong><u>responsable del tratamiento <\/u><\/strong>de sus datos de car\u00e1cter personal. Por tanto, nosotros le garantizamos su seguridad y tratamiento confidencial, de conformidad con lo dispuesto en el <strong>REGLAMENTO EUROPEO DE PROTECCION DE DATOS (UE) 679\/2016, <\/strong>as\u00ed como cualquier otra normativa que resulte de aplicaci\u00f3n.<\/p>\n\n\n\n<p><strong><u>\u00bfQue tipos y categor\u00edas de datos personales tratamos?<\/u><\/strong><\/p>\n\n\n\n<p>Las categor\u00edas de datos que vamos a necesitar de ti se clasifican en:<\/p>\n\n\n\n<p>Datos de conexi\u00f3n, navegaci\u00f3n. En este caso podemos tener acceso a la direcci\u00f3n IP de tu dispositivo y al c\u00f3digo identificativo del dispositivo y a metadatos.<\/p>\n\n\n\n<p>Para las Empresas vamos a tratar el nombre de tu empresa y n\u00famero de identificaci\u00f3n fiscal, nombre y apellido de la persona de contacto, la direcci\u00f3n y tel\u00e9fono.<\/p>\n\n\n\n<p>Te agradecemos que los datos que nos facilites est\u00e9n actualizados y sean reales. En caso de que los datos que nos facilites sean falsos, incompletos, inexactos o no est\u00e9n actualizados, nos reservamos el derecho de finalizar los servicios contratados o cualquier otro contrato que se hubiere suscrito.<\/p>\n\n\n\n<p><strong><u>\u00bfCon que fines utilizamos sus datos personales?<\/u><\/strong><\/p>\n\n\n\n<p>En <strong>PLAZA CANALLA, S.L.<\/strong><strong> <\/strong>utilizamos sus datos en la medida en que sea permitido por el RGPD, as\u00ed como por la normativa vigente que sea de aplicaci\u00f3n. En todo caso el tratamiento se har\u00e1 para fines determinados, expl\u00edcitos y leg\u00edtimos, y en ning\u00fan caso ser\u00e1n tratados de manera incompatible para dichos fines. En concreto se llevar\u00e1n a cabo los siguientes tratamientos:<\/p>\n\n\n\n<ul class=\"wp-block-list\">\n<li>Analizar y mejorar nuestros servicios y comunicaciones con usted.<\/li>\n<\/ul>\n\n\n\n<p><strong>\u00bf<u>Cu\u00e1l es la legitimaci\u00f3n para el tratamiento de sus datos?<\/u><\/strong><\/p>\n\n\n\n<p>La legitimaci\u00f3n de los tratamientos de los datos personales que llevamos a cabo se hace en todo momento en cumplimiento con lo dispuesto en el art\u00edculo 6 del RGPD, as\u00ed como en el art\u00edculo 8 de la Ley Org\u00e1nica 3\/2018. En los casos en que la legitimaci\u00f3n para la finalidad principal del uso de datos no se encuentre en ninguna de las bases jur\u00eddicas anteriores, se solicitar\u00e1 el consentimiento del interesado para el tratamiento.<\/p>\n\n\n\n<p><strong><u>\u00bfCu\u00e1nto tiempo conservamos tus datos?<\/u><\/strong><\/p>\n\n\n\n<p>Los datos personales ser\u00e1n conservados durante el tiempo necesario para la prestaci\u00f3n del servicio o mientras el interesado no retire su consentimiento. Posteriormente, los datos ser\u00e1n suprimidos conforme a lo dispuesto en la normativa de protecci\u00f3n de datos, lo que implica su bloqueo, estando disponibles tan solo a solicitud de Jueces y tribunales, Defensor del Pueblo, Ministerio Fiscal o las Administraciones P\u00fablicas competentes durante el plazo de prescripci\u00f3n de las acciones que pudieran derivar y, transcurrido \u00e9ste, se proceder\u00e1 a su completa eliminaci\u00f3n.<strong><\/strong><\/p>\n\n\n\n<p><strong><u>\u00bfCon qui\u00e9n compartimos tus datos?<\/u><\/strong><\/p>\n\n\n\n<p>Le informamos que los datos proporcionados, ser\u00e1n comunicados a los diferentes proveedores de productos y servicios, que sean necesarios para la ejecuci\u00f3n del tratamiento solicitado. Nuestros proveedores est\u00e1n obligados a utilizar los datos proporcionados \u00fanica y exclusivamente para el cumplimiento del servicio solicitado. Los datos personales tratados por <strong>PLAZA CANALLA, S.L.<\/strong><strong> <\/strong>para alcanzar las finalidades detalladas anteriormente podr\u00e1n ser comunicados a los siguientes destinatarios en funci\u00f3n de la base legitimadora de la comunicaci\u00f3n:<\/p>\n\n\n\n<ul class=\"wp-block-list\">\n<li>Las Administraciones P\u00fablicas en los casos previstos por la Ley.<\/li>\n<\/ul>\n\n\n\n<p><strong><u>\u00bfCu\u00e1les son sus derechos?<\/u><\/strong><\/p>\n\n\n\n<p><strong>Derechos:<\/strong><\/p>\n\n\n\n<p>En particular, independientemente de la finalidad o la base legal en virtud de la que tratemos sus datos, tiene derecho a:<\/p>\n\n\n\n<p>\u00b7 Derecho de acceso: cualquier persona tiene derecho a obtener confirmaci\u00f3n sobre si <strong>PLAZA CANALLA, S.L. <\/strong>est\u00e1 tratando datos personales que le conciernan.<\/p>\n\n\n\n<p>\u00b7 Derecho de rectificaci\u00f3n: Usted tiene derecho a acceder a sus datos personales de los que disponemos y solicitar su rectificaci\u00f3n cuando estos sean inexactos.<\/p>\n\n\n\n<p>\u00b7 Derecho de supresi\u00f3n: cuando los datos recabados ya no sean necesarios para la finalidad para los fines que fueron recabados.<\/p>\n\n\n\n<p>\u00b7 Derecho a la limitaci\u00f3n del tratamiento: podr\u00e1 solicitar la limitaci\u00f3n del tratamiento de sus datos y solicitar que se conserven&nbsp;para el ejercicio o defensa de reclamaciones.<\/p>\n\n\n\n<p>\u00b7 Derecho de portabilidad: &nbsp;tiene derecho a obtener los datos personales que les incumben en un formato estructurado de uso com\u00fan y lectura mec\u00e1nica y a transmitirlos a otro responsable.<\/p>\n\n\n\n<p>\u00b7 Derecho a retirar consentimiento: el derecho a retirar cualquier consentimiento que usted nos haya dado previamente para manejar su informaci\u00f3n personal. Si retira su consentimiento, esto no afectar\u00e1 a la legalidad del uso que le dimos a su informaci\u00f3n personal antes de que retirar\u00e1 su consentimiento<strong><u><\/u><\/strong><\/p>\n\n\n\n<p><strong><u>\u00bfC\u00f3mo puede ejercer sus derechos?<\/u><\/strong><\/p>\n\n\n\n<p><strong>PLAZA CANALLA, S.L.<\/strong><strong> <\/strong>se compromete a respetar la confidencialidad de sus datos personales y a garantizarle el ejercicio de sus derechos. Puede ejercitarlos sin coste alguno escribi\u00e9ndonos un correo electr\u00f3nico a nuestra direcci\u00f3n <strong>administracion@restauranteplazacanalla.es<\/strong> simplemente indic\u00e1ndonos el motivo de su solicitud y el derecho que quiere ejercitar, inform\u00e1ndole que es imprescindible, seg\u00fan Ley, que aporte copia de DNI o NIE. Le informamos tambi\u00e9n que, siguiendo con nuestra pol\u00edtica de transparencia, puede solicitar los formularios de los derechos por cualquiera de los medios siguientes: <strong>en la propia sede o por email.<\/strong> Se le informa que tambi\u00e9n puede ejercer sus derechos presentando una declaraci\u00f3n ante la autoridad de control competente, cuando no haya obtenido satisfacci\u00f3n&nbsp;en el ejercicio de sus derechos.<\/p>\n\n\n\n<p><strong><u>\u00bfQuieres un formulario para el ejercicio de Derechos?<\/u><\/strong><\/p>\n\n\n\n<ul class=\"wp-block-list\">\n<li>Tenemos formularios para el ejercicio de tus derechos, p\u00eddenoslos por email o si lo prefieres, puedes usar los elaborados por la Agencia Espa\u00f1ola de Protecci\u00f3n de Datos o terceros.<\/li>\n\n\n\n<li>Estos formularios deben ir firmados electr\u00f3nicamente o ser acompa\u00f1ados de fotocopia del DNI.<\/li>\n\n\n\n<li>Si te representa alguien, debes adjuntarnos copia de su DNI, o que lo firme con su firma electr\u00f3nica.<\/li>\n\n\n\n<li>Los formularios pueden ser presentados presencialmente, enviados por carta o por mail en la direcci\u00f3n del Responsable al inicio de este texto.<\/li>\n<\/ul>\n\n\n\n<p><strong><u>2.- POL\u00cdTICA DE COOKIES<\/u><\/strong><\/p>\n\n\n\n<ul class=\"wp-block-list\">\n<li><strong>Cookies<\/strong>(mensaje de alerta)<\/li>\n<\/ul>\n\n\n\n<p>Utilizamos cookies propias y de terceros para analizar y mejorar nuestros servicios y mostrarle publicidad relacionada con sus preferencias mediante el an\u00e1lisis de sus h\u00e1bitos de navegaci\u00f3n. Puede configurar o rechazar la configuraci\u00f3n u obtener m\u00e1s informaci\u00f3n <strong>\u2018<u>aqu\u00ed<\/u>\u2019<\/strong>.<\/p>\n\n\n\n<p><strong>Pol\u00edtca de cookies<\/strong><\/p>\n\n\n\n<p>Cookie&nbsp;es un fichero que se descarga en su ordenador al acceder a determinadas p\u00e1ginas web. Las cookies permiten a una p\u00e1gina web, entre otras cosas, almacenar y recuperar informaci\u00f3n sobre los h\u00e1bitos de navegaci\u00f3n de un usuario o de su equipo y, dependiendo de la informaci\u00f3n que contengan y de la forma en que utilice su equipo, pueden utilizarse para reconocer al usuario. El navegador del usuario memoriza cookies en el disco duro solamente durante la sesi\u00f3n actual ocupando un espacio de memoria m\u00ednimo y no perjudicando al ordenador. Las cookies no contienen ninguna clase de informaci\u00f3n personal espec\u00edfica, y la mayor\u00eda de estas se borran del disco duro al finalizar la sesi\u00f3n de navegador (las denominadas cookies de sesi\u00f3n). La mayor\u00eda de los navegadores aceptan como est\u00e1ndar a las cookies y, con independencia de estas, permiten o impiden en los ajustes de seguridad las cookies temporales o memorizadas. Sin su expreso consentimiento (mediante la activaci\u00f3n de las cookies en su navegador) las cookies no enlazar\u00e1n los datos memorizados con sus datos personales proporcionados en el momento del registro o la compra.<\/p>\n\n\n\n<p>LA EMPRESA le puede facilitar el acceso a otras p\u00e1ginas web que consideramos pueden ser de su inter\u00e9s. El objetivo de dichos enlaces es \u00fanicamente facilitarle la b\u00fasqueda de los recursos que le puedan interesar a trav\u00e9s de Internet. No obstante, algunas de dichas p\u00e1ginas no pertenecen a LA EMPRESA, ni se hace una revisi\u00f3n de sus contenidos, por lo que en ning\u00fan momento se podr\u00e1 considerar a LA EMPRESA como responsable de las mismas, del funcionamiento de la p\u00e1gina enlazada o de los posibles da\u00f1os que puedan derivarse del acceso o uso de la misma. Dichas p\u00e1ginas deber\u00e1n tener a disposici\u00f3n de los usuarios, tanto su propia Pol\u00edtica de Privacidad, como el detalle de su Pol\u00edtica de Cookies.<\/p>\n\n\n\n<p><strong>&#8211; \u00bfQu\u00e9 tipos de cookies utiliza esta p\u00e1gina web?<\/strong><\/p>\n\n\n\n<p>&#8211; Cookies&nbsp;t\u00e9cnicas: Son aqu\u00e9llas que permiten al usuario la navegaci\u00f3n a trav\u00e9s de una p\u00e1gina web, plataforma o aplicaci\u00f3n y la utilizaci\u00f3n de las diferentes opciones o servicios que en ella existan como, por ejemplo, controlar el tr\u00e1fico y la comunicaci\u00f3n de datos, identificar la sesi\u00f3n, acceder a partes de acceso restringido, recordar los elementos que integran un pedido, realizar el proceso de compra de un pedido, realizar la solicitud de inscripci\u00f3n o participaci\u00f3n en un evento, utilizar elementos de seguridad durante la navegaci\u00f3n, almacenar contenidos para la difusi\u00f3n de videos o sonido o compartir contenidos a trav\u00e9s de redes sociales.<\/p>\n\n\n\n<p>&#8211; Cookies&nbsp;de personalizaci\u00f3n: Son aqu\u00e9llas que permiten al usuario acceder al servicio con algunas caracter\u00edsticas de car\u00e1cter general predefinidas en funci\u00f3n de una serie de criterios en el terminal del usuario como por ejemplo serian el idioma, el tipo de navegador a trav\u00e9s del cual accede al servicio, la configuraci\u00f3n regional desde donde accede al servicio, etc<\/p>\n\n\n\n<p>&#8211; Cookies de an\u00e1lisis: Son aqu\u00e9llas que bien tratadas por nosotros o por terceros, nos permiten cuantificar el n\u00famero de usuarios y as\u00ed realizar la medici\u00f3n y an\u00e1lisis estad\u00edstico de la utilizaci\u00f3n que hacen los usuarios del servicio ofertado. Para ello se analiza su navegaci\u00f3n en nuestra p\u00e1gina web con el fin de mejorar la oferta de productos o servicios que le ofrecemos.<\/p>\n\n\n\n<p>&#8211; Cookies publicitarias: Son aqu\u00e9llas que, bien tratadas por nosotros o por terceros, nos permiten gestionar de la forma m\u00e1s eficaz posible la oferta de los espacios publicitarios que hay en la p\u00e1gina web, adecuando el contenido del anuncio al contenido del servicio solicitado o al uso que realice de nuestra p\u00e1gina web. Para ello podemos analizar sus h\u00e1bitos de navegaci\u00f3n en Internet y podemos mostrarle publicidad relacionada con su perfil de navegaci\u00f3n.<\/p>\n\n\n\n<p>&#8211; Cookies de&nbsp;publicidad comportamental: Son aqu\u00e9llas que permiten la gesti\u00f3n, de la forma m\u00e1s eficaz posible, de los espacios publicitarios que, en su caso, el editor haya incluido en una p\u00e1gina web, aplicaci\u00f3n o plataforma desde la que presta el servicio solicitado. Estas cookies almacenan informaci\u00f3n del comportamiento de los usuarios obtenida a trav\u00e9s de la observaci\u00f3n continuada de sus h\u00e1bitos de navegaci\u00f3n, lo que permite desarrollar un perfil espec\u00edfico para mostrar publicidad en funci\u00f3n de este.<\/p>\n\n\n\n<ul class=\"wp-block-list\">\n<li><strong>Cookies de terceros<\/strong><\/li>\n<\/ul>\n\n\n\n<p>La Web de <strong>PLAZA CANALLA, S.L. <\/strong>puede utilizar&nbsp;servicios de terceros que recopilaran informaci\u00f3n con fines estad\u00edsticos, de uso del Site por parte del usuario y para la prestaci\u00f3n de otros servicios relacionados con la actividad del Website y otros servicios de Internet. En particular, este sitio Web utiliza Google Analytics, un servicio anal\u00edtico de web prestado por Google, Inc. con domicilio en los Estados Unidos con sede central en 1600 Amphitheatre Parkway, Mountain View, California 94043.&nbsp; Para la prestaci\u00f3n de estos servicios, estos&nbsp;utilizan cookies que recopilan la informaci\u00f3n, incluida la direcci\u00f3n IP del usuario, que ser\u00e1&nbsp;transmitida, tratada y almacenada por&nbsp;Google&nbsp;en los t\u00e9rminos fijados en la Web Google.com. Incluyendo la posible&nbsp;transmisi\u00f3n de dicha informaci\u00f3n a terceros por razones de exigencia legal o cuando dichos terceros&nbsp;procesen la informaci\u00f3n por cuenta de Google.<\/p>\n\n\n\n<p><strong><u>El Usuario acepta expresamente, por la utilizaci\u00f3n de este Site,&nbsp;el tratamiento de la informaci\u00f3n&nbsp;recabada en la forma y con los fines anteriormente mencionados.<\/u><\/strong>&nbsp;Y asimismo reconoce conocer la posibilidad de rechazar el tratamiento de&nbsp;tales datos o informaci\u00f3n&nbsp;rechazando el uso de Cookies mediante la selecci\u00f3n de la configuraci\u00f3n apropiada a tal fin en su navegador. Si bien esta opci\u00f3n de bloqueo de Cookies en su navegador puede no permitirle el uso pleno de todas las funcionalidades del Website. Puede usted permitir, bloquear o eliminar las cookies instaladas en su equipo mediante la configuraci\u00f3n de las opciones del navegador instalado en su ordenador:<\/p>\n\n\n\n<ul class=\"wp-block-list\">\n<li><strong>Chrome<\/strong>,desde&nbsp;<a href=\"http:\/\/support.google.com\/chrome\/bin\/answer.py?hl=es&amp;answer=95647\" target=\"_blank\" rel=\"noreferrer noopener\">http:\/\/support.google.com\/chrome\/bin\/answer.py?hl=es&amp;answer=95647<\/a><\/li>\n\n\n\n<li><strong>Safari<\/strong>, desde&nbsp;<a href=\"http:\/\/support.apple.com\/kb\/ph5042\" target=\"_blank\" rel=\"noreferrer noopener\">http:\/\/support.apple.com\/kb\/ph5042<\/a><\/li>\n\n\n\n<li><strong>Explorer<\/strong>, desde&nbsp;<a href=\"http:\/\/windows.microsoft.com\/es-es\/windows7\/how-to-manage-cookies-in-internet-explorer-9\" target=\"_blank\" rel=\"noreferrer noopener\">http:\/\/windows.microsoft.com\/es-es\/windows7\/how-to-manage-cookies-in-internet-explorer-9<\/a><\/li>\n\n\n\n<li><strong>Firefox<\/strong>, desde&nbsp;<a href=\"http:\/\/support.mozilla.org\/es\/kb\/habilitar-y-deshabilitar-cookies-que-los-sitios-we\" target=\"_blank\" rel=\"noreferrer noopener\">http:\/\/support.mozilla.org\/es\/kb\/habilitar-y-deshabilitar-cookies-que-los-sitios-we<\/a><\/li>\n<\/ul>\n\n\n\n<p>Todo lo relativo a las&nbsp;<strong>cookies de Google<\/strong>, tanto anal\u00edticas como publicitarias, as\u00ed como su administraci\u00f3n y configuraci\u00f3n se puede consultar en:<\/p>\n\n\n\n<ul class=\"wp-block-list\">\n<li><a href=\"http:\/\/www.google.es\/intl\/es\/policies\/technologies\/types\/\" target=\"_blank\" rel=\"noreferrer noopener\">http:\/\/www.google.es\/intl\/es\/policies\/technologies\/types\/<\/a><\/li>\n\n\n\n<li><a href=\"http:\/\/www.google.es\/policies\/technologies\/ads\/\" target=\"_blank\" rel=\"noreferrer noopener\">http:\/\/www.google.es\/policies\/technologies\/ads\/<\/a><\/li>\n\n\n\n<li><a href=\"https:\/\/developers.google.com\/analytics\/devguides\/collection\/analyticsjs\/cookie-usage\" target=\"_blank\" rel=\"noreferrer noopener\">https:\/\/developers.google.com\/analytics\/devguides\/collection\/analyticsjs\/cookie-usage<\/a><\/li>\n<\/ul>\n\n\n\n<p><strong><u>3.- Aviso Legal<\/u><\/strong><\/p>\n\n\n\n<p>&nbsp;&nbsp; Este portal, cuyo titular es <strong>PLAZA CANALLA, S.L. <\/strong>con NIF:<strong> B-42512236 <\/strong>domicilio en<strong> PLAZA GABRIEL MIR\u00d3 N\u00ba 10, C.P- 03001- ALICANTE,<\/strong> tel\u00e9fono <strong>965-20.21.28 <\/strong>y conemail: <strong>administracion@restauranteplazacanalla.es<\/strong><\/p>\n\n\n\n<p>Reg. Mercantil&nbsp;&nbsp;&nbsp;&nbsp;&nbsp;&nbsp; Tomo&nbsp;&nbsp;&nbsp;&nbsp;&nbsp;&nbsp;&nbsp;&nbsp; Hoja&nbsp;&nbsp;&nbsp;&nbsp;&nbsp;&nbsp;&nbsp;&nbsp; Libro&nbsp;&nbsp;&nbsp;&nbsp;&nbsp;&nbsp;&nbsp;&nbsp;&nbsp; Folio&nbsp;&nbsp;&nbsp;&nbsp;&nbsp;&nbsp;&nbsp;&nbsp;&nbsp; Secci\u00f3n&nbsp;&nbsp;&nbsp;&nbsp;&nbsp; Anotaci\u00f3n<\/p>\n\n\n\n<p><strong>&nbsp;&nbsp;&nbsp;&nbsp;&nbsp; Alicante&nbsp;&nbsp; &nbsp;&nbsp;&nbsp;&nbsp;&nbsp;&nbsp;&nbsp;&nbsp;&nbsp;&nbsp;&nbsp;4044&nbsp;&nbsp;&nbsp;&nbsp;&nbsp;&nbsp; A-155592&nbsp;&nbsp;&nbsp;&nbsp;&nbsp;&nbsp;&nbsp;&nbsp;&nbsp;&nbsp;&nbsp;&nbsp;&nbsp;&nbsp;&nbsp;&nbsp;&nbsp;&nbsp;&nbsp;&nbsp;&nbsp;&nbsp;&nbsp;&nbsp;&nbsp;&nbsp;&nbsp; 52&nbsp;&nbsp;&nbsp;&nbsp;&nbsp;&nbsp;&nbsp;&nbsp;&nbsp;&nbsp;&nbsp;&nbsp;&nbsp;&nbsp;&nbsp;&nbsp;&nbsp; 8&nbsp;&nbsp;&nbsp;&nbsp;&nbsp;&nbsp;&nbsp;&nbsp;&nbsp;&nbsp;&nbsp;&nbsp;&nbsp;&nbsp;&nbsp;&nbsp;&nbsp;&nbsp;&nbsp; 2\u00aa<\/strong><\/p>\n\n\n\n<ul class=\"wp-block-list\">\n<li><strong>Propiedad intelectual e industrial<\/strong><\/li>\n<\/ul>\n\n\n\n<p>El dise\u00f1o del portal y sus c\u00f3digos fuente, as\u00ed como los logos, marcas y dem\u00e1s signos distintivos que aparecen en el mismo pertenecen a <strong>PLAZA CANALLA, S.L.<\/strong> y est\u00e1n protegidos por los correspondientes derechos de propiedad intelectual e industrial.<\/p>\n\n\n\n<ul class=\"wp-block-list\">\n<li><strong>Responsabilidad de los contenidos<\/strong><\/li>\n<\/ul>\n\n\n\n<p><strong>PLAZA CANALLA, S.L.<\/strong><strong> <\/strong>no se hace responsable de la legalidad de otros sitios web de terceros desde los que pueda accederse al portal. <strong>PLAZA CANALLA, S.L.<\/strong> tampoco responde por la legalidad de otros sitios web de terceros, que pudieran estar vinculados o enlazados desde este portal. <strong>PLAZA CANALLA, S.L.<\/strong>se reserva el derecho a realizar cambios en el sitio web sin previo aviso, al objeto de mantener actualizada su informaci\u00f3n, a\u00f1adiendo, modificando, corrigiendo o eliminando&nbsp;los contenidos publicados o el dise\u00f1o del portal. <strong>PLAZA CANALLA, S.L.<\/strong> no ser\u00e1 responsable del uso que terceros hagan de la informaci\u00f3n publicada en el portal, ni tampoco de los da\u00f1os sufridos o p\u00e9rdidas econ\u00f3micas que, de forma directa o indirecta, produzcan o puedan producir perjuicios econ\u00f3micos, materiales o sobre datos, provocados por el uso de dicha informaci\u00f3n.<\/p>\n\n\n\n<ul class=\"wp-block-list\">\n<li><strong>Reproducci\u00f3n de contenidos<\/strong><\/li>\n<\/ul>\n\n\n\n<p>Se proh\u00edbe la reproducci\u00f3n total o parcial de los contenidos publicados en el portal a excepci\u00f3n de los contenidos que sean considerados como datos abiertos en la Sede Electr\u00f3nica, publicados seg\u00fan lo previsto en el Real Decreto 1495\/2011, de 24 de octubre.<\/p>\n\n\n\n<ul class=\"wp-block-list\">\n<li><strong>Ley aplicable<\/strong><\/li>\n<\/ul>\n\n\n\n<p>La ley aplicable en caso de disputa o conflicto de interpretaci\u00f3n de los t\u00e9rminos que conforman este aviso legal, as\u00ed como cualquier cuesti\u00f3n relacionada con los servicios del presente portal, ser\u00e1 la ley espa\u00f1ola.<\/p>","protected":false},"excerpt":{"rendered":"<p>PLAZA CANALLA, S.L., se compromete a proteger su privacidad. Esta Pol\u00edtica de Privacidad explica c\u00f3mo recopilamos y utilizamos sus datos personales y qu\u00e9 derechos y opciones<span class=\"excerpt-hellip\"> [\u2026]<\/span><\/p>\n","protected":false},"author":1,"featured_media":0,"parent":0,"menu_order":0,"comment_status":"closed","ping_status":"open","template":"","meta":{"footnotes":""},"class_list":["post-3","page","type-page","status-publish","hentry"],"_links":{"self":[{"href":"https:\/\/restauranteplazacanalla.es\/fr\/wp-json\/wp\/v2\/pages\/3","targetHints":{"allow":["GET"]}}],"collection":[{"href":"https:\/\/restauranteplazacanalla.es\/fr\/wp-json\/wp\/v2\/pages"}],"about":[{"href":"https:\/\/restauranteplazacanalla.es\/fr\/wp-json\/wp\/v2\/types\/page"}],"author":[{"embeddable":true,"href":"https:\/\/restauranteplazacanalla.es\/fr\/wp-json\/wp\/v2\/users\/1"}],"replies":[{"embeddable":true,"href":"https:\/\/restauranteplazacanalla.es\/fr\/wp-json\/wp\/v2\/comments?post=3"}],"version-history":[{"count":1,"href":"https:\/\/restauranteplazacanalla.es\/fr\/wp-json\/wp\/v2\/pages\/3\/revisions"}],"predecessor-version":[{"id":3557,"href":"https:\/\/restauranteplazacanalla.es\/fr\/wp-json\/wp\/v2\/pages\/3\/revisions\/3557"}],"wp:attachment":[{"href":"https:\/\/restauranteplazacanalla.es\/fr\/wp-json\/wp\/v2\/media?parent=3"}],"curies":[{"name":"wp","href":"https:\/\/api.w.org\/{rel}","templated":true}]}}